{"id":102,"date":"2014-02-24T16:33:07","date_gmt":"2014-02-24T16:33:07","guid":{"rendered":"http:\/\/iespedroantoniodealarcon.es\/exlibris\/?page_id=102"},"modified":"2014-02-24T16:57:46","modified_gmt":"2014-02-24T16:57:46","slug":"familias-lectoras","status":"publish","type":"page","link":"http:\/\/iespedroantoniodealarcon.es\/exlibris\/familias-lectoras\/","title":{"rendered":"Familias lectoras"},"content":{"rendered":"<p style=\"text-align: justify;\">La Biblioteca adem\u00e1s de ser un instrumento de aprendizaje, no deja de ser un espacio de gran importancia para conseguir una educaci\u00f3n libre y que el alumnado disfrute de su lectura.<\/p>\n<p style=\"text-align: justify;\">En este \u00e1mbito, es de vital importancia la familia. La Biblioteca de centro acompa\u00f1ar\u00e1 y ayudar\u00e1 a los padres y madres en la promoci\u00f3n y consolidaci\u00f3n de las experiencias de sus hijos.<\/p>\n<p style=\"text-align: justify;\"><b>DEC\u00c1LOGO DE UNA FAMILIA\u00a0<\/b><b>COMPROMETIDA EN LA LECTURA<\/b><\/p>\n<p style=\"text-align: justify;\"><i>1. Una familia comprometida en la Lectura es aquella que anima a leer incluso\u00a0<\/i><i>antes de que su hijo sepa leer. Dejar a los peque\u00f1os que hojeen, investiguen,\u00a0<\/i><i>se recreen mirando las ilustraciones de los libros&#8230; es una estupenda manera\u00a0<\/i><i>de comenzar a amar la lectura.<\/i><\/p>\n<p style=\"text-align: justify;\"><i>2. Es aquella que cuenta cuentos a sus hijos, les recita peque\u00f1as poes\u00edas, les\u00a0<\/i><i>llena sus o\u00eddos de musicalidad y belleza.<\/i><\/p>\n<p style=\"text-align: justify;\"><i>3. Es aquella que nunca fuerza a leer.<\/i><\/p>\n<p style=\"text-align: justify;\"><i>4. Es una familia que selecciona muy bien los libros de sus hijos (hasta\u00a0<\/i><i>determinada edad), valorando el hecho de que las buenas ilustraciones ayudan\u00a0<\/i><i>a formar su gusto por el arte y por lo bello.<\/i><\/p>\n<p style=\"text-align: justify;\"><i>5. Es aquella que da ejemplo de lectura a diario.<\/i><\/p>\n<p style=\"text-align: justify;\"><i>6. Es aquella que comparte las lecturas de sus hijas e hijos y juntos las\u00a0<\/i><i>comentan.<\/i><\/p>\n<p style=\"text-align: justify;\"><i>7. Una familia comprometida en la Lectura procura conocer, los gustos de sus\u00a0<\/i><i>hijas e hijos y los respeta en lo posible.<\/i><\/p>\n<p style=\"text-align: justify;\"><i>8. Es una familia que acude con los hijos e hijas a los lugares donde est\u00e1n los\u00a0<\/i><i>libros (librer\u00edas y bibliotecas) y les anima a hacerse socios de alguna biblioteca\u00a0<\/i><i>o bibliob\u00fas.<\/i><\/p>\n<p style=\"text-align: justify;\"><i>9. Es aquella familia que fomenta el gusto y cuidado por la biblioteca personal de\u00a0<\/i><i>su hija o hijo y que dispone para tal efecto de un espacio apropiado.<\/i><\/p>\n<p style=\"text-align: justify;\"><i>10.Una familia comprometida en la Lectura considera que la compra de un libro\u00a0<\/i><i>no es algo excepcional con motivo de una celebraci\u00f3n, aunque en estas\u00a0<\/i><i>ocasiones el libro tiene que estar presente como regalo, sino que lo considera\u00a0<\/i><i>parte de los gastos de su educaci\u00f3n.<\/i><\/p>\n<p style=\"text-align: justify;\"><b>DEC\u00c1LOGO DEL GRAN-PEQUE\u00d1O\u00a0<\/b><b>LECTOR<\/b><\/p>\n<p style=\"text-align: justify;\"><i>1. Un ni\u00f1o y una ni\u00f1a lectores consideran la lectura como fuente de disfrute,\u00a0<\/i><i>aventura y diversi\u00f3n, a la vez que una fuente \u00fatil de informaci\u00f3n sobre los\u00a0<\/i><i>temas que le interesan.<\/i><\/p>\n<p style=\"text-align: justify;\"><i>2. Son aquellos que consideran la lectura como parte importante de su tiempo\u00a0<\/i><i>libre.<\/i><\/p>\n<p style=\"text-align: justify;\"><i>3. Son los que acuden con cierta asiduidad a bibliotecas <\/i>y <i>respetan las normas\u00a0<\/i><i>que rigen su utilizaci\u00f3n.<\/i><\/p>\n<p style=\"text-align: justify;\"><i>4. Son ni\u00f1as y ni\u00f1os que acuden a librer\u00edas solos o acompa\u00f1ados por sus padres\u00a0<\/i><i>y, poco a poco, van creando su biblioteca personal.<\/i><\/p>\n<p style=\"text-align: justify;\"><i>5. Son aquellos que tratan los libros con cuidado y respeto.<\/i><\/p>\n<p style=\"text-align: justify;\"><i>6. Son ni\u00f1as y ni\u00f1os que utilizan mucho su imaginaci\u00f3n al estar acostumbrados a\u00a0<\/i><i>cambiar de escenarios, personajes<\/i>&#8230; y <i>a realizar anticipaciones y predicciones\u00a0<\/i><i>de lo le\u00eddo.<\/i><\/p>\n<p style=\"text-align: justify;\"><i>7. Demuestran una sensibilidad cr\u00edtica ante los mensajes transmitidos por los\u00a0<\/i><i>escritos, libros, c\u00f3mics, revistas, r\u00f3tulos<\/i>&#8230;<\/p>\n<p style=\"text-align: justify;\"><i>8. Son aquellos j\u00f3venes lectores que sienten la necesidad de expresarse mejor.<\/i><\/p>\n<p style=\"text-align: justify;\"><i>9. Demuestran curiosidad por la diversidad de textos literarios (poemas,\u00a0<\/i><i>cuentos, teatro <\/i>&#8230;) <i>corrientes (humor, terror <\/i>..) <i>y autores.<\/i><\/p>\n<p style=\"text-align: justify;\"><i>10. Son aquellas ni\u00f1as y ni\u00f1os que fomentan el gusto lector a otros ni\u00f1os y\u00a0<\/i><i>ni\u00f1as, aconsej\u00e1ndoles libros, comentando alguno que han le\u00eddo, i<\/i><i>ntercambiando opiniones y manifestando preferencias.<\/i><\/p>\n<p>&nbsp;<\/p>\n","protected":false},"excerpt":{"rendered":"<p>La Biblioteca adem\u00e1s de ser un instrumento de aprendizaje, no deja de ser un espacio de gran importancia para conseguir una educaci\u00f3n libre y que el alumnado disfrute de su &hellip; <a href=\"http:\/\/iespedroantoniodealarcon.es\/exlibris\/familias-lectoras\/\" class=\"more-link\">Seguir leyendo <span class=\"screen-reader-text\">Familias lectoras<\/span> <span class=\"meta-nav\">&rarr;<\/span><\/a><\/p>\n","protected":false},"author":1,"featured_media":0,"parent":0,"menu_order":0,"comment_status":"closed","ping_status":"closed","template":"","meta":{"footnotes":""},"class_list":["post-102","page","type-page","status-publish","hentry"],"_links":{"self":[{"href":"http:\/\/iespedroantoniodealarcon.es\/exlibris\/wp-json\/wp\/v2\/pages\/102","targetHints":{"allow":["GET"]}}],"collection":[{"href":"http:\/\/iespedroantoniodealarcon.es\/exlibris\/wp-json\/wp\/v2\/pages"}],"about":[{"href":"http:\/\/iespedroantoniodealarcon.es\/exlibris\/wp-json\/wp\/v2\/types\/page"}],"author":[{"embeddable":true,"href":"http:\/\/iespedroantoniodealarcon.es\/exlibris\/wp-json\/wp\/v2\/users\/1"}],"replies":[{"embeddable":true,"href":"http:\/\/iespedroantoniodealarcon.es\/exlibris\/wp-json\/wp\/v2\/comments?post=102"}],"version-history":[{"count":5,"href":"http:\/\/iespedroantoniodealarcon.es\/exlibris\/wp-json\/wp\/v2\/pages\/102\/revisions"}],"predecessor-version":[{"id":125,"href":"http:\/\/iespedroantoniodealarcon.es\/exlibris\/wp-json\/wp\/v2\/pages\/102\/revisions\/125"}],"wp:attachment":[{"href":"http:\/\/iespedroantoniodealarcon.es\/exlibris\/wp-json\/wp\/v2\/media?parent=102"}],"curies":[{"name":"wp","href":"https:\/\/api.w.org\/{rel}","templated":true}]}}