{"id":100,"date":"2014-02-24T16:32:00","date_gmt":"2014-02-24T16:32:00","guid":{"rendered":"http:\/\/iespedroantoniodealarcon.es\/exlibris\/?page_id=100"},"modified":"2014-02-24T16:41:04","modified_gmt":"2014-02-24T16:41:04","slug":"disfruta-leyendo","status":"publish","type":"page","link":"http:\/\/iespedroantoniodealarcon.es\/exlibris\/disfruta-leyendo\/","title":{"rendered":"Disfruta leyendo"},"content":{"rendered":"<p style=\"text-align: justify;\">Abrimos este espacio a todos los miembros de la comunidad educativa del IES Pedro Antonio de Alarc\u00f3n\u00a0 que quieran compartir sus lecturas.<\/p>\n<p style=\"text-align: justify;\">Si quieres compartir tu libro preferido, al futuro lector le gustar\u00eda saber cosas de \u00e9l como:<\/p>\n<p style=\"text-align: justify;\">C\u00f3mo lleg\u00f3 el libro a tus manos, por qu\u00e9 lo empezaste a leer.<\/p>\n<p style=\"text-align: justify;\">De todos los libros qu\u00e9 has le\u00eddo, \u00e9ste lo has seleccionado por&#8230;<\/p>\n<p style=\"text-align: justify;\">Este libro es interesante por&#8230;<\/p>\n<p style=\"text-align: justify;\">Trata de&#8230;<\/p>\n<p style=\"text-align: justify;\">Se recomienda esta lectura a los lectores que buscan&#8230;o que se interesan por&#8230;<\/p>\n<p style=\"text-align: justify;\">Recomienda una lectura.<\/p>\n<p style=\"text-align: justify;\">Env\u00eda tu recomendaci\u00f3n de tu libro favorito y la publicaremos en la web.<\/p>\n","protected":false},"excerpt":{"rendered":"<p>Abrimos este espacio a todos los miembros de la comunidad educativa del IES Pedro Antonio de Alarc\u00f3n\u00a0 que quieran compartir sus lecturas. Si quieres compartir tu libro preferido, al futuro &hellip; <a href=\"http:\/\/iespedroantoniodealarcon.es\/exlibris\/disfruta-leyendo\/\" class=\"more-link\">Seguir leyendo <span class=\"screen-reader-text\">Disfruta leyendo<\/span> <span class=\"meta-nav\">&rarr;<\/span><\/a><\/p>\n","protected":false},"author":1,"featured_media":0,"parent":0,"menu_order":0,"comment_status":"open","ping_status":"open","template":"","meta":{"footnotes":""},"class_list":["post-100","page","type-page","status-publish","hentry"],"_links":{"self":[{"href":"http:\/\/iespedroantoniodealarcon.es\/exlibris\/wp-json\/wp\/v2\/pages\/100","targetHints":{"allow":["GET"]}}],"collection":[{"href":"http:\/\/iespedroantoniodealarcon.es\/exlibris\/wp-json\/wp\/v2\/pages"}],"about":[{"href":"http:\/\/iespedroantoniodealarcon.es\/exlibris\/wp-json\/wp\/v2\/types\/page"}],"author":[{"embeddable":true,"href":"http:\/\/iespedroantoniodealarcon.es\/exlibris\/wp-json\/wp\/v2\/users\/1"}],"replies":[{"embeddable":true,"href":"http:\/\/iespedroantoniodealarcon.es\/exlibris\/wp-json\/wp\/v2\/comments?post=100"}],"version-history":[{"count":2,"href":"http:\/\/iespedroantoniodealarcon.es\/exlibris\/wp-json\/wp\/v2\/pages\/100\/revisions"}],"predecessor-version":[{"id":115,"href":"http:\/\/iespedroantoniodealarcon.es\/exlibris\/wp-json\/wp\/v2\/pages\/100\/revisions\/115"}],"wp:attachment":[{"href":"http:\/\/iespedroantoniodealarcon.es\/exlibris\/wp-json\/wp\/v2\/media?parent=100"}],"curies":[{"name":"wp","href":"https:\/\/api.w.org\/{rel}","templated":true}]}}